{"id":515,"date":"2019-02-25T09:19:48","date_gmt":"2019-02-25T08:19:48","guid":{"rendered":"http:\/\/furediszuret.hu\/?page_id=515"},"modified":"2019-02-25T09:47:39","modified_gmt":"2019-02-25T08:47:39","slug":"2015-2","status":"publish","type":"page","link":"http:\/\/furediszuret.hu\/index.php\/archivum\/2015-2\/","title":{"rendered":"2015"},"content":{"rendered":"\t\t<div data-elementor-type=\"wp-post\" data-elementor-id=\"515\" class=\"elementor elementor-515 elementor-bc-flex-widget\">\n\t\t\t\t\t\t<section class=\"elementor-section elementor-top-section elementor-element elementor-element-c1072f4 elementor-section-boxed elementor-section-height-default elementor-section-height-default\" data-id=\"c1072f4\" data-element_type=\"section\">\n\t\t\t\t\t\t<div class=\"elementor-container elementor-column-gap-default\">\n\t\t\t\t\t<div class=\"elementor-column elementor-col-100 elementor-top-column elementor-element elementor-element-ac50a07\" data-id=\"ac50a07\" data-element_type=\"column\">\n\t\t\t<div class=\"elementor-widget-wrap elementor-element-populated\">\n\t\t\t\t\t\t<div class=\"elementor-element elementor-element-8e95026 elementor-widget elementor-widget-text-editor\" data-id=\"8e95026\" data-element_type=\"widget\" data-widget_type=\"text-editor.default\">\n\t\t\t\t<div class=\"elementor-widget-container\">\n\t\t\t\t\t\t\t\t\t<p><b>2015<\/b><\/p>\t\t\t\t\t\t\t\t<\/div>\n\t\t\t\t<\/div>\n\t\t\t\t<div class=\"elementor-element elementor-element-1744fef elementor-widget elementor-widget-obfx-posts-grid\" data-id=\"1744fef\" data-element_type=\"widget\" data-widget_type=\"obfx-posts-grid.default\">\n\t\t\t\t<div class=\"elementor-widget-container\">\n\t\t\t\t\t<div class=\"obfx-grid\"><div class=\"obfx-grid-container obfx-grid-desktop-2\"><div class=\"obfx-grid-wrapper\"><article class=\"obfx-grid-col\"><div class=\"obfx-grid-col-image\" ><a href=\"http:\/\/furediszuret.hu\/index.php\/2015\/10\/10\/furedi-szuret-uj-gasztronomiai-fesztival\/\" title=\"F\u00fcredi Sz\u00fcret \u2013 \u00daj gasztron\u00f3miai fesztiv\u00e1l\"><img fetchpriority=\"high\" decoding=\"async\" width=\"668\" height=\"445\" src=\"http:\/\/furediszuret.hu\/wp-content\/uploads\/2019\/02\/szu1.jpg\" class=\"img-responsive wp-post-image\" alt=\"szu1\" srcset=\"http:\/\/furediszuret.hu\/wp-content\/uploads\/2019\/02\/szu1.jpg 668w, http:\/\/furediszuret.hu\/wp-content\/uploads\/2019\/02\/szu1-300x200.jpg 300w\" sizes=\"(max-width: 668px) 100vw, 668px\" \/><\/a><\/div><div class=\"obfx-grid-col-content\">\t\t\t<h2 class=\"entry-title obfx-grid-title\">\n\t\t\t\t\t\t\t<a href=\"http:\/\/furediszuret.hu\/index.php\/2015\/10\/10\/furedi-szuret-uj-gasztronomiai-fesztival\/\" title=\"F\u00fcredi Sz\u00fcret \u2013 \u00daj gasztron\u00f3miai fesztiv\u00e1l\">\n\t\t\t\t\tF\u00fcredi Sz\u00fcret \u2013 \u00daj gasztron\u00f3miai fesztiv\u00e1l\t\t\t\t<\/a>\n\t\t\t\t\t\t\t<\/h2>\n\t\t\t\t\t\t\t<div class=\"entry-meta obfx-grid-meta\">\n\n\t\t\t\t\t\t\t\t\t\t\t\t\t<span class=\"obfx-grid-date\">\n\t\t\t\t\t\t\t\t\t2015. okt\u00f3ber 10.\t\t\t\t\t\t\t\t<\/span>\n\t\t\t\t\t\t\t\t\n\t\t\t\t<\/div>\n\t\t\t\t\t\t\t<div class=\"entry-content obfx-grid-content\">\n\t\t\t\tEgy \u00faj, gasztron\u00f3miai, kultur\u00e1lis, turisztikai rendezv\u00e9nny\u00e9 szeretn\u00e9nk tenni a F\u00fcredi Fesztiv\u00e1lt. Okt\u00f3berben a k\u00f6rny\u00e9ken nincs hasonl\u00f3 esem\u00e9ny, b\u00edzunk benne, hogy hamarosan ezrek j\u00f6nnek egy\u00fctt \u00fcnnepelni vel\u00fcnk a sz\u00fcretet. E szavakkal&hellip;\t\t\t<\/div>\n\t\t\t<\/div><\/article><\/div><div class=\"obfx-grid-wrapper\"><article class=\"obfx-grid-col\"><div class=\"obfx-grid-col-image\" ><a href=\"http:\/\/furediszuret.hu\/index.php\/2015\/09\/30\/furedi-szuret-2015-programok-a-varosban\/\" title=\"F\u00fcredi Sz\u00fcret 2015 &#8211; Programok a v\u00e1rosban\"><img decoding=\"async\" width=\"1170\" height=\"450\" src=\"http:\/\/furediszuret.hu\/wp-content\/uploads\/2015\/09\/furedi_szuret_banner_furedkult_web.jpg\" class=\"img-responsive wp-post-image\" alt=\"furedi_szuret_banner_furedkult_web\" srcset=\"http:\/\/furediszuret.hu\/wp-content\/uploads\/2015\/09\/furedi_szuret_banner_furedkult_web.jpg 1170w, http:\/\/furediszuret.hu\/wp-content\/uploads\/2015\/09\/furedi_szuret_banner_furedkult_web-300x115.jpg 300w, http:\/\/furediszuret.hu\/wp-content\/uploads\/2015\/09\/furedi_szuret_banner_furedkult_web-768x295.jpg 768w, http:\/\/furediszuret.hu\/wp-content\/uploads\/2015\/09\/furedi_szuret_banner_furedkult_web-1024x394.jpg 1024w\" sizes=\"(max-width: 1170px) 100vw, 1170px\" \/><\/a><\/div><div class=\"obfx-grid-col-content\">\t\t\t<h2 class=\"entry-title obfx-grid-title\">\n\t\t\t\t\t\t\t<a href=\"http:\/\/furediszuret.hu\/index.php\/2015\/09\/30\/furedi-szuret-2015-programok-a-varosban\/\" title=\"F\u00fcredi Sz\u00fcret 2015 &#8211; Programok a v\u00e1rosban\">\n\t\t\t\t\tF\u00fcredi Sz\u00fcret 2015 &#8211; Programok a v\u00e1rosban\t\t\t\t<\/a>\n\t\t\t\t\t\t\t<\/h2>\n\t\t\t\t\t\t\t<div class=\"entry-meta obfx-grid-meta\">\n\n\t\t\t\t\t\t\t\t\t\t\t\t\t<span class=\"obfx-grid-date\">\n\t\t\t\t\t\t\t\t\t2015. szeptember 30.\t\t\t\t\t\t\t\t<\/span>\n\t\t\t\t\t\t\t\t\n\t\t\t\t<\/div>\n\t\t\t\t\t\t\t<div class=\"entry-content obfx-grid-content\">\n\t\t\t\tF\u00fcredi Sz\u00fcret Balatonf\u00fcred 2015. okt\u00f3ber 9 \u2013 11. A rendezv\u00e9ny f\u0151v\u00e9dn\u00f6ke: Dr. Fazekas S\u00e1ndor F\u00f6ldm\u0171vel\u00e9s\u00fcgyi miniszter Okt\u00f3ber 9. p\u00e9ntek Kisfaludy sz\u00ednpad mellett 19.00\u201323.00 Borfalu 20. 30 M\u00e1glyagy\u00fajt\u00e1s Kisfaludy Gal\u00e9ria 19.00\u201323.00&hellip;\t\t\t<\/div>\n\t\t\t<\/div><\/article><\/div><div class=\"obfx-grid-wrapper\"><article class=\"obfx-grid-col\"><div class=\"obfx-grid-col-image\" ><a href=\"http:\/\/furediszuret.hu\/index.php\/2015\/09\/18\/furedi-szuret-oktoberben\/\" title=\"F\u00fcredi Sz\u00fcret okt\u00f3berben\"><img decoding=\"async\" width=\"668\" height=\"445\" src=\"http:\/\/furediszuret.hu\/wp-content\/uploads\/2019\/02\/szu31.jpg\" class=\"img-responsive wp-post-image\" alt=\"szu31\" srcset=\"http:\/\/furediszuret.hu\/wp-content\/uploads\/2019\/02\/szu31.jpg 668w, http:\/\/furediszuret.hu\/wp-content\/uploads\/2019\/02\/szu31-300x200.jpg 300w\" sizes=\"(max-width: 668px) 100vw, 668px\" \/><\/a><\/div><div class=\"obfx-grid-col-content\">\t\t\t<h2 class=\"entry-title obfx-grid-title\">\n\t\t\t\t\t\t\t<a href=\"http:\/\/furediszuret.hu\/index.php\/2015\/09\/18\/furedi-szuret-oktoberben\/\" title=\"F\u00fcredi Sz\u00fcret okt\u00f3berben\">\n\t\t\t\t\tF\u00fcredi Sz\u00fcret okt\u00f3berben\t\t\t\t<\/a>\n\t\t\t\t\t\t\t<\/h2>\n\t\t\t\t\t\t\t<div class=\"entry-meta obfx-grid-meta\">\n\n\t\t\t\t\t\t\t\t\t\t\t\t\t<span class=\"obfx-grid-date\">\n\t\t\t\t\t\t\t\t\t2015. szeptember 18.\t\t\t\t\t\t\t\t<\/span>\n\t\t\t\t\t\t\t\t\n\t\t\t\t<\/div>\n\t\t\t\t\t\t\t<div class=\"entry-content obfx-grid-content\">\n\t\t\t\t\u00daj id\u0151pontban \u00e9s \u00faj n\u00e9ven rendezik meg id\u00e9n a sz\u00fcreti fesztiv\u00e1lt. A F\u00fcredi Sz\u00fcretet a tervezett szeptemberi id\u0151pont helyett okt\u00f3ber 9-11-\u00e9n rendezi meg a v\u00e1ros. A hagyom\u00e1nyos felvonul\u00e1s okt\u00f3ber 10-\u00e9n,&hellip;\t\t\t<\/div>\n\t\t\t<\/div><\/article><\/div><\/div><!-- .obfx-grid-container --><\/div><!-- .obfx-grid -->\t\t\t\t<\/div>\n\t\t\t\t<\/div>\n\t\t\t\t\t<\/div>\n\t\t<\/div>\n\t\t\t\t\t<\/div>\n\t\t<\/section>\n\t\t\t\t<section class=\"elementor-section elementor-top-section elementor-element elementor-element-6ddf036 elementor-section-stretched elementor-section-boxed elementor-section-height-default elementor-section-height-default\" data-id=\"6ddf036\" data-element_type=\"section\" data-settings=\"{&quot;background_background&quot;:&quot;video&quot;,&quot;background_video_link&quot;:&quot;http:\\\/\\\/furediszuret.hu\\\/wp-content\\\/uploads\\\/2019\\\/02\\\/furediszuret_03_VP8.webm&quot;,&quot;background_video_start&quot;:0,&quot;background_video_end&quot;:80,&quot;stretch_section&quot;:&quot;section-stretched&quot;}\">\n\t\t\t\t\t\t\t\t<div class=\"elementor-background-video-container elementor-hidden-mobile\" aria-hidden=\"true\">\n\t\t\t\t\t\t\t\t\t\t\t\t\t<video class=\"elementor-background-video-hosted\" autoplay muted playsinline loop><\/video>\n\t\t\t\t\t\t\t\t\t\t\t<\/div>\n\t\t\t\t\t\t\t\t\t<div class=\"elementor-background-overlay\"><\/div>\n\t\t\t\t\t\t\t<div class=\"elementor-container elementor-column-gap-default\">\n\t\t\t\t\t<div class=\"elementor-column elementor-col-100 elementor-top-column elementor-element elementor-element-81f93aa\" data-id=\"81f93aa\" data-element_type=\"column\">\n\t\t\t<div class=\"elementor-widget-wrap\">\n\t\t\t\t\t\t\t<\/div>\n\t\t<\/div>\n\t\t\t\t\t<\/div>\n\t\t<\/section>\n\t\t\t\t<section class=\"elementor-section elementor-top-section elementor-element elementor-element-2143873 elementor-section-boxed elementor-section-height-default elementor-section-height-default\" data-id=\"2143873\" data-element_type=\"section\">\n\t\t\t\t\t\t<div class=\"elementor-container elementor-column-gap-default\">\n\t\t\t\t\t<div class=\"elementor-column elementor-col-100 elementor-top-column elementor-element elementor-element-59c20e9\" data-id=\"59c20e9\" data-element_type=\"column\">\n\t\t\t<div class=\"elementor-widget-wrap elementor-element-populated\">\n\t\t\t\t\t\t<div class=\"elementor-element elementor-element-e691513 elementor-shape-circle elementor-grid-0 e-grid-align-center elementor-widget elementor-widget-social-icons\" data-id=\"e691513\" data-element_type=\"widget\" data-widget_type=\"social-icons.default\">\n\t\t\t\t<div class=\"elementor-widget-container\">\n\t\t\t\t\t\t\t<div class=\"elementor-social-icons-wrapper elementor-grid\">\n\t\t\t\t\t\t\t<span class=\"elementor-grid-item\">\n\t\t\t\t\t<a class=\"elementor-icon elementor-social-icon elementor-social-icon-facebook elementor-repeater-item-c9e191e\" target=\"_blank\">\n\t\t\t\t\t\t<span class=\"elementor-screen-only\">Facebook<\/span>\n\t\t\t\t\t\t\t\t\t\t\t\t\t<i class=\"fa fa-facebook\" aria-hidden=\"true\"><\/i>\n\t\t\t\t\t\t\t\t\t\t\t<\/a>\n\t\t\t\t<\/span>\n\t\t\t\t\t<\/div>\n\t\t\t\t\t\t<\/div>\n\t\t\t\t<\/div>\n\t\t\t\t<div class=\"elementor-element elementor-element-a38aba3 elementor-widget elementor-widget-text-editor\" data-id=\"a38aba3\" data-element_type=\"widget\" data-widget_type=\"text-editor.default\">\n\t\t\t\t<div class=\"elementor-widget-container\">\n\t\t\t\t\t\t\t\t\t<p>Minden jog fenntartva!<br \/>Fot\u00f3k: Balatonfured.hu<br \/>Balatonf\u00fcred Kultur\u00e1lis Nonprofit Kft.<br \/>2019.<\/p>\t\t\t\t\t\t\t\t<\/div>\n\t\t\t\t<\/div>\n\t\t\t\t\t<\/div>\n\t\t<\/div>\n\t\t\t\t\t<\/div>\n\t\t<\/section>\n\t\t\t\t<\/div>\n\t\t","protected":false},"excerpt":{"rendered":"<p>2015 F\u00fcredi Sz\u00fcret \u2013 \u00daj gasztron\u00f3miai fesztiv\u00e1l 2015. okt\u00f3ber 10. Egy \u00faj, gasztron\u00f3miai, kultur\u00e1lis, turisztikai rendezv\u00e9nny\u00e9 szeretn\u00e9nk tenni a F\u00fcredi Fesztiv\u00e1lt. Okt\u00f3berben a k\u00f6rny\u00e9ken nincs hasonl\u00f3 esem\u00e9ny, b\u00edzunk benne, hogy hamarosan ezrek j\u00f6nnek egy\u00fctt \u00fcnnepelni vel\u00fcnk a sz\u00fcretet. E szavakkal&hellip; F\u00fcredi Sz\u00fcret okt\u00f3berben 2015. szeptember 18. \u00daj id\u0151pontban \u00e9s \u00faj n\u00e9ven rendezik meg id\u00e9n a&hellip;&nbsp;<a href=\"http:\/\/furediszuret.hu\/index.php\/archivum\/2015-2\/\" rel=\"bookmark\">Read More &raquo;<span class=\"screen-reader-text\">2015<\/span><\/a><\/p>\n","protected":false},"author":1,"featured_media":0,"parent":229,"menu_order":0,"comment_status":"closed","ping_status":"closed","template":"page-templates\/template-pagebuilder-full-width.php","meta":{"neve_meta_sidebar":"","neve_meta_container":"","neve_meta_enable_content_width":"","neve_meta_content_width":70,"neve_meta_title_alignment":"","neve_meta_author_avatar":"","neve_post_elements_order":"","neve_meta_disable_header":"","neve_meta_disable_footer":"","neve_meta_disable_title":"","_themeisle_gutenberg_block_has_review":false,"footnotes":""},"class_list":["post-515","page","type-page","status-publish","hentry"],"_links":{"self":[{"href":"http:\/\/furediszuret.hu\/index.php\/wp-json\/wp\/v2\/pages\/515","targetHints":{"allow":["GET"]}}],"collection":[{"href":"http:\/\/furediszuret.hu\/index.php\/wp-json\/wp\/v2\/pages"}],"about":[{"href":"http:\/\/furediszuret.hu\/index.php\/wp-json\/wp\/v2\/types\/page"}],"author":[{"embeddable":true,"href":"http:\/\/furediszuret.hu\/index.php\/wp-json\/wp\/v2\/users\/1"}],"replies":[{"embeddable":true,"href":"http:\/\/furediszuret.hu\/index.php\/wp-json\/wp\/v2\/comments?post=515"}],"version-history":[{"count":4,"href":"http:\/\/furediszuret.hu\/index.php\/wp-json\/wp\/v2\/pages\/515\/revisions"}],"predecessor-version":[{"id":575,"href":"http:\/\/furediszuret.hu\/index.php\/wp-json\/wp\/v2\/pages\/515\/revisions\/575"}],"up":[{"embeddable":true,"href":"http:\/\/furediszuret.hu\/index.php\/wp-json\/wp\/v2\/pages\/229"}],"wp:attachment":[{"href":"http:\/\/furediszuret.hu\/index.php\/wp-json\/wp\/v2\/media?parent=515"}],"curies":[{"name":"wp","href":"https:\/\/api.w.org\/{rel}","templated":true}]}}