{"id":233,"date":"2019-02-23T17:17:10","date_gmt":"2019-02-23T16:17:10","guid":{"rendered":"http:\/\/furediszuret.hu\/?page_id=233"},"modified":"2019-02-25T09:43:35","modified_gmt":"2019-02-25T08:43:35","slug":"2017-2","status":"publish","type":"page","link":"http:\/\/furediszuret.hu\/index.php\/archivum\/2017-2\/","title":{"rendered":"2017"},"content":{"rendered":"\t\t<div data-elementor-type=\"wp-post\" data-elementor-id=\"233\" class=\"elementor elementor-233 elementor-bc-flex-widget\">\n\t\t\t\t\t\t<section class=\"elementor-section elementor-top-section elementor-element elementor-element-91c83bc elementor-section-boxed elementor-section-height-default elementor-section-height-default\" data-id=\"91c83bc\" data-element_type=\"section\">\n\t\t\t\t\t\t<div class=\"elementor-container elementor-column-gap-default\">\n\t\t\t\t\t<div class=\"elementor-column elementor-col-100 elementor-top-column elementor-element elementor-element-63cfb75\" data-id=\"63cfb75\" data-element_type=\"column\">\n\t\t\t<div class=\"elementor-widget-wrap elementor-element-populated\">\n\t\t\t\t\t\t<div class=\"elementor-element elementor-element-71d70d0 elementor-widget elementor-widget-obfx-posts-grid\" data-id=\"71d70d0\" data-element_type=\"widget\" data-widget_type=\"obfx-posts-grid.default\">\n\t\t\t\t<div class=\"elementor-widget-container\">\n\t\t\t\t\t<div class=\"obfx-grid\"><div class=\"obfx-grid-container obfx-grid-desktop-2\"><div class=\"obfx-grid-wrapper\"><article class=\"obfx-grid-col\"><div class=\"obfx-grid-col-image\" ><a href=\"http:\/\/furediszuret.hu\/index.php\/2017\/10\/11\/sutimester-dijazottak\/\" title=\"S\u00fctimester d\u00edjazottak!\"><img fetchpriority=\"high\" decoding=\"async\" width=\"1024\" height=\"576\" src=\"http:\/\/furediszuret.hu\/wp-content\/uploads\/2019\/02\/sutiverseny_2017_ftv.jpg\" class=\"img-responsive wp-post-image\" alt=\"sutiverseny_2017_ftv\" srcset=\"http:\/\/furediszuret.hu\/wp-content\/uploads\/2019\/02\/sutiverseny_2017_ftv.jpg 1024w, http:\/\/furediszuret.hu\/wp-content\/uploads\/2019\/02\/sutiverseny_2017_ftv-300x169.jpg 300w, http:\/\/furediszuret.hu\/wp-content\/uploads\/2019\/02\/sutiverseny_2017_ftv-768x432.jpg 768w\" sizes=\"(max-width: 1024px) 100vw, 1024px\" \/><\/a><\/div><div class=\"obfx-grid-col-content\">\t\t\t<h2 class=\"entry-title obfx-grid-title\">\n\t\t\t\t\t\t\t<a href=\"http:\/\/furediszuret.hu\/index.php\/2017\/10\/11\/sutimester-dijazottak\/\" title=\"S\u00fctimester d\u00edjazottak!\">\n\t\t\t\t\tS\u00fctimester d\u00edjazottak!\t\t\t\t<\/a>\n\t\t\t\t\t\t\t<\/h2>\n\t\t\t\t\t\t\t<div class=\"entry-meta obfx-grid-meta\">\n\n\t\t\t\t\t\t\t\t\t\t\t\t\t<span class=\"obfx-grid-date\">\n\t\t\t\t\t\t\t\t\t2017. okt\u00f3ber 11.\t\t\t\t\t\t\t\t<\/span>\n\t\t\t\t\t\t\t\t\n\t\t\t\t<\/div>\n\t\t\t\t\t\t\t<div class=\"entry-content obfx-grid-content\">\n\t\t\t\t\u00c1tadt\u00e1k a&nbsp;s\u00fctimester&nbsp;d\u00edjat A Balatonf\u00fcred S\u00fctimestere versenyt hagyom\u00e1nyteremt\u0151 sz\u00e1nd\u00e9kkal hozt\u00e1k l\u00e9tre a F\u00fcredi Sz\u00fcret szervez\u0151i, azzal a c\u00e9llal, hogy sz\u00ednes\u00edts\u00e9k a rendezv\u00e9ny gasztron\u00f3miai palett\u00e1j\u00e1t.\u00d6sszesen 31 s\u00fctem\u00e9ny \u00e9rkezett a versenyre, k\u00f6z\u00fcl\u00fck tizenh\u00e1rmat&hellip;\t\t\t<\/div>\n\t\t\t<\/div><\/article><\/div><div class=\"obfx-grid-wrapper\"><article class=\"obfx-grid-col\"><div class=\"obfx-grid-col-image\" ><a href=\"http:\/\/furediszuret.hu\/index.php\/2017\/10\/07\/szureti-felvonulas-2017\/\" title=\"Sz\u00fcreti felvonul\u00e1s 2017\"><img decoding=\"async\" width=\"677\" height=\"445\" src=\"http:\/\/furediszuret.hu\/wp-content\/uploads\/2019\/02\/szuri32.jpg\" class=\"img-responsive wp-post-image\" alt=\"szuri32\" srcset=\"http:\/\/furediszuret.hu\/wp-content\/uploads\/2019\/02\/szuri32.jpg 677w, http:\/\/furediszuret.hu\/wp-content\/uploads\/2019\/02\/szuri32-300x197.jpg 300w\" sizes=\"(max-width: 677px) 100vw, 677px\" \/><\/a><\/div><div class=\"obfx-grid-col-content\">\t\t\t<h2 class=\"entry-title obfx-grid-title\">\n\t\t\t\t\t\t\t<a href=\"http:\/\/furediszuret.hu\/index.php\/2017\/10\/07\/szureti-felvonulas-2017\/\" title=\"Sz\u00fcreti felvonul\u00e1s 2017\">\n\t\t\t\t\tSz\u00fcreti felvonul\u00e1s 2017\t\t\t\t<\/a>\n\t\t\t\t\t\t\t<\/h2>\n\t\t\t\t\t\t\t<div class=\"entry-meta obfx-grid-meta\">\n\n\t\t\t\t\t\t\t\t\t\t\t\t\t<span class=\"obfx-grid-date\">\n\t\t\t\t\t\t\t\t\t2017. okt\u00f3ber 7.\t\t\t\t\t\t\t\t<\/span>\n\t\t\t\t\t\t\t\t\n\t\t\t\t<\/div>\n\t\t\t\t\t\t\t<div class=\"entry-content obfx-grid-content\">\n\t\t\t\tA F\u00fcredi Sz\u00fcret legl\u00e1tv\u00e1nyosabb r\u00e9sze ez\u00fattal is a felvonul\u00e1s volt. A menetet g\u00f3lyal\u00e1basok, z\u00e1szl\u00f3forgat\u00f3k, di\u00e1kok, n\u00e9pt\u00e1nccsoportok, \u00e9s a Nemzeti Lovas D\u00edszegys\u00e9g n\u00e9gy husz\u00e1rja k\u00eds\u00e9rt\u00e9k. A Szent Istv\u00e1n t\u00e9rr\u0151l a Kisfaludy&hellip;\t\t\t<\/div>\n\t\t\t<\/div><\/article><\/div><div class=\"obfx-grid-wrapper\"><article class=\"obfx-grid-col\"><div class=\"obfx-grid-col-image\" ><a href=\"http:\/\/furediszuret.hu\/index.php\/2017\/10\/02\/furedi-szuret-2017-reszletes-program\/\" title=\"F\u00fcredi Sz\u00fcret 2017 &#8211; R\u00e9szletes program\"><img decoding=\"async\" width=\"3508\" height=\"1901\" src=\"http:\/\/furediszuret.hu\/wp-content\/uploads\/2019\/02\/Fured_szuret_plakat_banner_web.jpg\" class=\"img-responsive wp-post-image\" alt=\"Fured_szuret_plakat_banner_web\" srcset=\"http:\/\/furediszuret.hu\/wp-content\/uploads\/2019\/02\/Fured_szuret_plakat_banner_web.jpg 3508w, http:\/\/furediszuret.hu\/wp-content\/uploads\/2019\/02\/Fured_szuret_plakat_banner_web-300x163.jpg 300w, http:\/\/furediszuret.hu\/wp-content\/uploads\/2019\/02\/Fured_szuret_plakat_banner_web-768x416.jpg 768w, http:\/\/furediszuret.hu\/wp-content\/uploads\/2019\/02\/Fured_szuret_plakat_banner_web-1024x555.jpg 1024w\" sizes=\"(max-width: 3508px) 100vw, 3508px\" \/><\/a><\/div><div class=\"obfx-grid-col-content\">\t\t\t<h2 class=\"entry-title obfx-grid-title\">\n\t\t\t\t\t\t\t<a href=\"http:\/\/furediszuret.hu\/index.php\/2017\/10\/02\/furedi-szuret-2017-reszletes-program\/\" title=\"F\u00fcredi Sz\u00fcret 2017 &#8211; R\u00e9szletes program\">\n\t\t\t\t\tF\u00fcredi Sz\u00fcret 2017 &#8211; R\u00e9szletes program\t\t\t\t<\/a>\n\t\t\t\t\t\t\t<\/h2>\n\t\t\t\t\t\t\t<div class=\"entry-meta obfx-grid-meta\">\n\n\t\t\t\t\t\t\t\t\t\t\t\t\t<span class=\"obfx-grid-date\">\n\t\t\t\t\t\t\t\t\t2017. okt\u00f3ber 2.\t\t\t\t\t\t\t\t<\/span>\n\t\t\t\t\t\t\t\t\n\t\t\t\t<\/div>\n\t\t\t\t\t\t\t<div class=\"entry-content obfx-grid-content\">\n\t\t\t\tF\u00fcredi Sz\u00fcret Balatonf\u00fcred 2017. okt\u00f3ber 6 \u2013 8. Szakmai rendezv\u00e9ny Okt\u00f3ber 7. szombat Hotel Margar\u00e9ta 11.00&nbsp; \u201eA sz\u0151l\u0151 \u00e9s a bor nemzetk\u00f6zi v\u00e1rosa\u201d-inak kongresszusa Bor \u00e9s gasztron\u00f3mia kapcsolata a borv\u00e1rosok&hellip;\t\t\t<\/div>\n\t\t\t<\/div><\/article><\/div><div class=\"obfx-grid-wrapper\"><article class=\"obfx-grid-col\"><div class=\"obfx-grid-col-image\" ><a href=\"http:\/\/furediszuret.hu\/index.php\/2017\/10\/01\/furedi-szuret-ujdonsagokkal\/\" title=\"F\u00fcredi sz\u00fcret \u00fajdons\u00e1gokkal\"><img loading=\"lazy\" decoding=\"async\" width=\"315\" height=\"126\" src=\"http:\/\/furediszuret.hu\/wp-content\/uploads\/2019\/02\/furedi_szuret_banner01_2017.jpg\" class=\"img-responsive wp-post-image\" alt=\"furedi_szuret_banner01_2017\" srcset=\"http:\/\/furediszuret.hu\/wp-content\/uploads\/2019\/02\/furedi_szuret_banner01_2017.jpg 315w, http:\/\/furediszuret.hu\/wp-content\/uploads\/2019\/02\/furedi_szuret_banner01_2017-300x120.jpg 300w\" sizes=\"(max-width: 315px) 100vw, 315px\" \/><\/a><\/div><div class=\"obfx-grid-col-content\">\t\t\t<h2 class=\"entry-title obfx-grid-title\">\n\t\t\t\t\t\t\t<a href=\"http:\/\/furediszuret.hu\/index.php\/2017\/10\/01\/furedi-szuret-ujdonsagokkal\/\" title=\"F\u00fcredi sz\u00fcret \u00fajdons\u00e1gokkal\">\n\t\t\t\t\tF\u00fcredi sz\u00fcret \u00fajdons\u00e1gokkal\t\t\t\t<\/a>\n\t\t\t\t\t\t\t<\/h2>\n\t\t\t\t\t\t\t<div class=\"entry-meta obfx-grid-meta\">\n\n\t\t\t\t\t\t\t\t\t\t\t\t\t<span class=\"obfx-grid-date\">\n\t\t\t\t\t\t\t\t\t2017. okt\u00f3ber 1.\t\t\t\t\t\t\t\t<\/span>\n\t\t\t\t\t\t\t\t\n\t\t\t\t<\/div>\n\t\t\t\t\t\t\t<div class=\"entry-content obfx-grid-content\">\n\t\t\t\tH\u00e1romnapos fesztiv\u00e1l a sz\u00fcret jegy\u00e9ben. L\u00e1tv\u00e1nyos felvonul\u00e1s, borlovagrend avat\u00e1s, kultur\u00e1lis programok, v\u00e1s\u00e1r \u00e9s gasztron\u00f3mia a parton. Okt\u00f3ber els\u0151 h\u00e9tv\u00e9g\u00e9j\u00e9n F\u00fcredi Sz\u00fcret. A hagyom\u00e1nyos felvonul\u00e1s okt\u00f3ber 7-\u00e9n, szombaton, 14.30- kor indul&hellip;\t\t\t<\/div>\n\t\t\t<\/div><\/article><\/div><\/div><!-- .obfx-grid-container --><\/div><!-- .obfx-grid -->\t\t\t\t<\/div>\n\t\t\t\t<\/div>\n\t\t\t\t\t<\/div>\n\t\t<\/div>\n\t\t\t\t\t<\/div>\n\t\t<\/section>\n\t\t\t\t<section class=\"elementor-section elementor-top-section elementor-element elementor-element-a8b03b0 elementor-section-stretched elementor-section-boxed elementor-section-height-default elementor-section-height-default\" data-id=\"a8b03b0\" data-element_type=\"section\" data-settings=\"{&quot;background_background&quot;:&quot;video&quot;,&quot;background_video_link&quot;:&quot;http:\\\/\\\/furediszuret.hu\\\/wp-content\\\/uploads\\\/2019\\\/02\\\/furediszuret_03_VP8.webm&quot;,&quot;background_video_start&quot;:0,&quot;background_video_end&quot;:80,&quot;stretch_section&quot;:&quot;section-stretched&quot;}\">\n\t\t\t\t\t\t\t\t<div class=\"elementor-background-video-container elementor-hidden-mobile\" aria-hidden=\"true\">\n\t\t\t\t\t\t\t\t\t\t\t\t\t<video class=\"elementor-background-video-hosted\" autoplay muted playsinline loop><\/video>\n\t\t\t\t\t\t\t\t\t\t\t<\/div>\n\t\t\t\t\t\t\t\t\t<div class=\"elementor-background-overlay\"><\/div>\n\t\t\t\t\t\t\t<div class=\"elementor-container elementor-column-gap-default\">\n\t\t\t\t\t<div class=\"elementor-column elementor-col-100 elementor-top-column elementor-element elementor-element-d138e6a\" data-id=\"d138e6a\" data-element_type=\"column\">\n\t\t\t<div class=\"elementor-widget-wrap\">\n\t\t\t\t\t\t\t<\/div>\n\t\t<\/div>\n\t\t\t\t\t<\/div>\n\t\t<\/section>\n\t\t\t\t<section class=\"elementor-section elementor-top-section elementor-element elementor-element-0de1c9b elementor-section-boxed elementor-section-height-default elementor-section-height-default\" data-id=\"0de1c9b\" data-element_type=\"section\">\n\t\t\t\t\t\t<div class=\"elementor-container elementor-column-gap-default\">\n\t\t\t\t\t<div class=\"elementor-column elementor-col-100 elementor-top-column elementor-element elementor-element-2ab1f44\" data-id=\"2ab1f44\" data-element_type=\"column\">\n\t\t\t<div class=\"elementor-widget-wrap elementor-element-populated\">\n\t\t\t\t\t\t<div class=\"elementor-element elementor-element-bd73393 elementor-shape-circle elementor-grid-0 e-grid-align-center elementor-widget elementor-widget-social-icons\" data-id=\"bd73393\" data-element_type=\"widget\" data-widget_type=\"social-icons.default\">\n\t\t\t\t<div class=\"elementor-widget-container\">\n\t\t\t\t\t\t\t<div class=\"elementor-social-icons-wrapper elementor-grid\">\n\t\t\t\t\t\t\t<span class=\"elementor-grid-item\">\n\t\t\t\t\t<a class=\"elementor-icon elementor-social-icon elementor-social-icon-facebook elementor-repeater-item-c9e191e\" target=\"_blank\">\n\t\t\t\t\t\t<span class=\"elementor-screen-only\">Facebook<\/span>\n\t\t\t\t\t\t\t\t\t\t\t\t\t<i class=\"fa fa-facebook\" aria-hidden=\"true\"><\/i>\n\t\t\t\t\t\t\t\t\t\t\t<\/a>\n\t\t\t\t<\/span>\n\t\t\t\t\t<\/div>\n\t\t\t\t\t\t<\/div>\n\t\t\t\t<\/div>\n\t\t\t\t<div class=\"elementor-element elementor-element-8afa863 elementor-widget elementor-widget-text-editor\" data-id=\"8afa863\" data-element_type=\"widget\" data-widget_type=\"text-editor.default\">\n\t\t\t\t<div class=\"elementor-widget-container\">\n\t\t\t\t\t\t\t\t\t<p>Minden jog fenntartva!<br \/>Fot\u00f3k: Balatonfured.hu<br \/>Balatonf\u00fcred Kultur\u00e1lis Nonprofit Kft.<br \/>2019.<\/p>\t\t\t\t\t\t\t\t<\/div>\n\t\t\t\t<\/div>\n\t\t\t\t\t<\/div>\n\t\t<\/div>\n\t\t\t\t\t<\/div>\n\t\t<\/section>\n\t\t\t\t<\/div>\n\t\t","protected":false},"excerpt":{"rendered":"<p>S\u00fctimester d\u00edjazottak! 2017. okt\u00f3ber 11. \u00c1tadt\u00e1k a&nbsp;s\u00fctimester&nbsp;d\u00edjat A Balatonf\u00fcred S\u00fctimestere versenyt hagyom\u00e1nyteremt\u0151 sz\u00e1nd\u00e9kkal hozt\u00e1k l\u00e9tre a F\u00fcredi Sz\u00fcret szervez\u0151i, azzal a c\u00e9llal, hogy sz\u00ednes\u00edts\u00e9k a rendezv\u00e9ny gasztron\u00f3miai palett\u00e1j\u00e1t.\u00d6sszesen 31 s\u00fctem\u00e9ny \u00e9rkezett a versenyre, k\u00f6z\u00fcl\u00fck tizenh\u00e1rmat\u2026 Sz\u00fcreti felvonul\u00e1s 2017 2017. okt\u00f3ber 7. A F\u00fcredi Sz\u00fcret legl\u00e1tv\u00e1nyosabb r\u00e9sze ez\u00fattal is a felvonul\u00e1s volt. A menetet g\u00f3lyal\u00e1basok, z\u00e1szl\u00f3forgat\u00f3k,&hellip;&nbsp;<a href=\"http:\/\/furediszuret.hu\/index.php\/archivum\/2017-2\/\" rel=\"bookmark\">Read More &raquo;<span class=\"screen-reader-text\">2017<\/span><\/a><\/p>\n","protected":false},"author":1,"featured_media":0,"parent":229,"menu_order":0,"comment_status":"closed","ping_status":"closed","template":"","meta":{"neve_meta_sidebar":"","neve_meta_container":"","neve_meta_enable_content_width":"","neve_meta_content_width":70,"neve_meta_title_alignment":"","neve_meta_author_avatar":"","neve_post_elements_order":"","neve_meta_disable_header":"","neve_meta_disable_footer":"","neve_meta_disable_title":"","_themeisle_gutenberg_block_has_review":false,"footnotes":""},"class_list":["post-233","page","type-page","status-publish","hentry"],"_links":{"self":[{"href":"http:\/\/furediszuret.hu\/index.php\/wp-json\/wp\/v2\/pages\/233","targetHints":{"allow":["GET"]}}],"collection":[{"href":"http:\/\/furediszuret.hu\/index.php\/wp-json\/wp\/v2\/pages"}],"about":[{"href":"http:\/\/furediszuret.hu\/index.php\/wp-json\/wp\/v2\/types\/page"}],"author":[{"embeddable":true,"href":"http:\/\/furediszuret.hu\/index.php\/wp-json\/wp\/v2\/users\/1"}],"replies":[{"embeddable":true,"href":"http:\/\/furediszuret.hu\/index.php\/wp-json\/wp\/v2\/comments?post=233"}],"version-history":[{"count":5,"href":"http:\/\/furediszuret.hu\/index.php\/wp-json\/wp\/v2\/pages\/233\/revisions"}],"predecessor-version":[{"id":569,"href":"http:\/\/furediszuret.hu\/index.php\/wp-json\/wp\/v2\/pages\/233\/revisions\/569"}],"up":[{"embeddable":true,"href":"http:\/\/furediszuret.hu\/index.php\/wp-json\/wp\/v2\/pages\/229"}],"wp:attachment":[{"href":"http:\/\/furediszuret.hu\/index.php\/wp-json\/wp\/v2\/media?parent=233"}],"curies":[{"name":"wp","href":"https:\/\/api.w.org\/{rel}","templated":true}]}}