{"id":231,"date":"2019-02-23T17:16:47","date_gmt":"2019-02-23T16:16:47","guid":{"rendered":"http:\/\/furediszuret.hu\/?page_id=231"},"modified":"2019-02-25T09:47:47","modified_gmt":"2019-02-25T08:47:47","slug":"2018-2","status":"publish","type":"page","link":"http:\/\/furediszuret.hu\/index.php\/archivum\/2018-2\/","title":{"rendered":"2018"},"content":{"rendered":"\t\t<div data-elementor-type=\"wp-post\" data-elementor-id=\"231\" class=\"elementor elementor-231 elementor-bc-flex-widget\">\n\t\t\t\t\t\t<section class=\"elementor-section elementor-top-section elementor-element elementor-element-20be94a elementor-section-boxed elementor-section-height-default elementor-section-height-default\" data-id=\"20be94a\" data-element_type=\"section\">\n\t\t\t\t\t\t<div class=\"elementor-container elementor-column-gap-default\">\n\t\t\t\t\t<div class=\"elementor-column elementor-col-100 elementor-top-column elementor-element elementor-element-f9ffa4b\" data-id=\"f9ffa4b\" data-element_type=\"column\">\n\t\t\t<div class=\"elementor-widget-wrap elementor-element-populated\">\n\t\t\t\t\t\t<div class=\"elementor-element elementor-element-d7386c1 elementor-widget elementor-widget-obfx-posts-grid\" data-id=\"d7386c1\" data-element_type=\"widget\" data-widget_type=\"obfx-posts-grid.default\">\n\t\t\t\t<div class=\"elementor-widget-container\">\n\t\t\t\t\t<div class=\"obfx-grid\"><div class=\"obfx-grid-container obfx-grid-desktop-2\"><div class=\"obfx-grid-wrapper\"><article class=\"obfx-grid-col\"><div class=\"obfx-grid-col-image\" ><a href=\"http:\/\/furediszuret.hu\/index.php\/2018\/10\/24\/balatonfured-sutimestere-2018\/\" title=\"Balatonf\u00fcred S\u00fctimestere 2018\"><img fetchpriority=\"high\" decoding=\"async\" width=\"1500\" height=\"1000\" src=\"http:\/\/furediszuret.hu\/wp-content\/uploads\/2019\/02\/Sutimester_2018-14-of-36-Dunav\u00f6lgyi-Bettina-M\u00e1ln\u00e1s-csokimousse-torta-I.-helyezett-IFJ\u00damester.jpg\" class=\"img-responsive wp-post-image\" alt=\"Sutimester_2018 (14 of 36) Dunav\u00f6lgyi Bettina &#8211; M\u00e1ln\u00e1s csokimousse torta &#8211; I. helyezett &#8211; IFJ\u00damester\" srcset=\"http:\/\/furediszuret.hu\/wp-content\/uploads\/2019\/02\/Sutimester_2018-14-of-36-Dunav\u00f6lgyi-Bettina-M\u00e1ln\u00e1s-csokimousse-torta-I.-helyezett-IFJ\u00damester.jpg 1500w, http:\/\/furediszuret.hu\/wp-content\/uploads\/2019\/02\/Sutimester_2018-14-of-36-Dunav\u00f6lgyi-Bettina-M\u00e1ln\u00e1s-csokimousse-torta-I.-helyezett-IFJ\u00damester-300x200.jpg 300w, http:\/\/furediszuret.hu\/wp-content\/uploads\/2019\/02\/Sutimester_2018-14-of-36-Dunav\u00f6lgyi-Bettina-M\u00e1ln\u00e1s-csokimousse-torta-I.-helyezett-IFJ\u00damester-768x512.jpg 768w, http:\/\/furediszuret.hu\/wp-content\/uploads\/2019\/02\/Sutimester_2018-14-of-36-Dunav\u00f6lgyi-Bettina-M\u00e1ln\u00e1s-csokimousse-torta-I.-helyezett-IFJ\u00damester-1024x683.jpg 1024w, http:\/\/furediszuret.hu\/wp-content\/uploads\/2019\/02\/Sutimester_2018-14-of-36-Dunav\u00f6lgyi-Bettina-M\u00e1ln\u00e1s-csokimousse-torta-I.-helyezett-IFJ\u00damester-930x620.jpg 930w\" sizes=\"(max-width: 1500px) 100vw, 1500px\" \/><\/a><\/div><div class=\"obfx-grid-col-content\">\t\t\t<h2 class=\"entry-title obfx-grid-title\">\n\t\t\t\t\t\t\t<a href=\"http:\/\/furediszuret.hu\/index.php\/2018\/10\/24\/balatonfured-sutimestere-2018\/\" title=\"Balatonf\u00fcred S\u00fctimestere 2018\">\n\t\t\t\t\tBalatonf\u00fcred S\u00fctimestere 2018\t\t\t\t<\/a>\n\t\t\t\t\t\t\t<\/h2>\n\t\t\t\t\t\t\t<div class=\"entry-meta obfx-grid-meta\">\n\n\t\t\t\t\t\t\t\t\t\t\t\t\t<span class=\"obfx-grid-date\">\n\t\t\t\t\t\t\t\t\t2018. okt\u00f3ber 24.\t\t\t\t\t\t\t\t<\/span>\n\t\t\t\t\t\t\t\t\n\t\t\t\t<\/div>\n\t\t\t\t\t\t\t<div class=\"entry-content obfx-grid-content\">\n\t\t\t\tA &#8222;Balatonf\u00fcred S\u00fctimestere&#8221; s\u00fctem\u00e9nys\u00fct\u0151 verseny remekm\u0171vei. K\u00f6sz\u00f6nj\u00fck a sok finoms\u00e1got, j\u00f6v\u0151re is v\u00e1runk mindenkit szeretettel! Addig is k\u00f3stolj\u00e1tok meg az ifj\u00fas\u00e1gi kateg\u00f3ria nyertes tort\u00e1j\u00e1t a Kedves Cukr\u00e1szda Balatonf\u00fcred-ben \u00e9s az&hellip;\t\t\t<\/div>\n\t\t\t<\/div><\/article><\/div><div class=\"obfx-grid-wrapper\"><article class=\"obfx-grid-col\"><div class=\"obfx-grid-col-image\" ><a href=\"http:\/\/furediszuret.hu\/index.php\/2018\/10\/20\/szureti-unnep-felvonulassal\/\" title=\"Sz\u00fcreti \u00fcnnep felvonul\u00e1ssal\"><img decoding=\"async\" width=\"1024\" height=\"683\" src=\"http:\/\/furediszuret.hu\/wp-content\/uploads\/2019\/02\/szur36.jpg\" class=\"img-responsive wp-post-image\" alt=\"szur36\" srcset=\"http:\/\/furediszuret.hu\/wp-content\/uploads\/2019\/02\/szur36.jpg 1024w, http:\/\/furediszuret.hu\/wp-content\/uploads\/2019\/02\/szur36-300x200.jpg 300w, http:\/\/furediszuret.hu\/wp-content\/uploads\/2019\/02\/szur36-768x512.jpg 768w, http:\/\/furediszuret.hu\/wp-content\/uploads\/2019\/02\/szur36-930x620.jpg 930w\" sizes=\"(max-width: 1024px) 100vw, 1024px\" \/><\/a><\/div><div class=\"obfx-grid-col-content\">\t\t\t<h2 class=\"entry-title obfx-grid-title\">\n\t\t\t\t\t\t\t<a href=\"http:\/\/furediszuret.hu\/index.php\/2018\/10\/20\/szureti-unnep-felvonulassal\/\" title=\"Sz\u00fcreti \u00fcnnep felvonul\u00e1ssal\">\n\t\t\t\t\tSz\u00fcreti \u00fcnnep felvonul\u00e1ssal\t\t\t\t<\/a>\n\t\t\t\t\t\t\t<\/h2>\n\t\t\t\t\t\t\t<div class=\"entry-meta obfx-grid-meta\">\n\n\t\t\t\t\t\t\t\t\t\t\t\t\t<span class=\"obfx-grid-date\">\n\t\t\t\t\t\t\t\t\t2018. okt\u00f3ber 20.\t\t\t\t\t\t\t\t<\/span>\n\t\t\t\t\t\t\t\t\n\t\t\t\t<\/div>\n\t\t\t\t\t\t\t<div class=\"entry-content obfx-grid-content\">\n\t\t\t\tBorlovagrendek vonultak v\u00e9gig az utc\u00e1kon, bor\u00e1szok k\u00edn\u00e1lt\u00e1k port\u00e9k\u00e1jukat, a parton pedig kisebb gasztron\u00f3miai fesztiv\u00e1l v\u00e1rta az \u00e9rdekl\u0151d\u0151ket. Sz\u00fcreti felvonul\u00e1s k\u00e9pekben. A F\u00fcredi Sz\u00fcret legl\u00e1tv\u00e1nyosabb r\u00e9sze ez\u00fattal is a felvonul\u00e1s volt.&hellip;\t\t\t<\/div>\n\t\t\t<\/div><\/article><\/div><div class=\"obfx-grid-wrapper\"><article class=\"obfx-grid-col\"><div class=\"obfx-grid-col-image\" ><a href=\"http:\/\/furediszuret.hu\/index.php\/2018\/10\/10\/reszletes-programok-2018-ban\/\" title=\"R\u00e9szletes programok 2018-ban\"><img decoding=\"async\" width=\"1024\" height=\"380\" src=\"http:\/\/furediszuret.hu\/wp-content\/uploads\/2019\/02\/kultura.balatonfured.hu_.jpg\" class=\"img-responsive wp-post-image\" alt=\"kultura.balatonfured.hu\" srcset=\"http:\/\/furediszuret.hu\/wp-content\/uploads\/2019\/02\/kultura.balatonfured.hu_.jpg 1024w, http:\/\/furediszuret.hu\/wp-content\/uploads\/2019\/02\/kultura.balatonfured.hu_-300x111.jpg 300w, http:\/\/furediszuret.hu\/wp-content\/uploads\/2019\/02\/kultura.balatonfured.hu_-768x285.jpg 768w\" sizes=\"(max-width: 1024px) 100vw, 1024px\" \/><\/a><\/div><div class=\"obfx-grid-col-content\">\t\t\t<h2 class=\"entry-title obfx-grid-title\">\n\t\t\t\t\t\t\t<a href=\"http:\/\/furediszuret.hu\/index.php\/2018\/10\/10\/reszletes-programok-2018-ban\/\" title=\"R\u00e9szletes programok 2018-ban\">\n\t\t\t\t\tR\u00e9szletes programok 2018-ban\t\t\t\t<\/a>\n\t\t\t\t\t\t\t<\/h2>\n\t\t\t\t\t\t\t<div class=\"entry-meta obfx-grid-meta\">\n\n\t\t\t\t\t\t\t\t\t\t\t\t\t<span class=\"obfx-grid-date\">\n\t\t\t\t\t\t\t\t\t2018. okt\u00f3ber 10.\t\t\t\t\t\t\t\t<\/span>\n\t\t\t\t\t\t\t\t\n\t\t\t\t<\/div>\n\t\t\t\t\t\t\t<div class=\"entry-content obfx-grid-content\">\n\t\t\t\tOKT\u00d3BER 19\u201322. Okt\u00f3ber 19. p\u00e9ntek Kisfaludy Sz\u00ednpad mellett 16.00\u201322.00 Borfalu \u00e9s k\u00e9zm\u0171ves v\u00e1s\u00e1r Kisfaludy Gal\u00e9ria 18.30 A Banda &#8211; N\u00e9pzenei koncert \u00e9s t\u00e1nch\u00e1z Okt\u00f3ber 20. szombat Kisfaludy sz\u00ednpad mellett 10.00\u201322.00&hellip;\t\t\t<\/div>\n\t\t\t<\/div><\/article><\/div><div class=\"obfx-grid-wrapper\"><article class=\"obfx-grid-col\"><div class=\"obfx-grid-col-image\" ><a href=\"http:\/\/furediszuret.hu\/index.php\/2018\/10\/08\/iv-balatonfured-sutimestere-sutemenysuto-verseny\/\" title=\"IV. Balatonf\u00fcred S\u00fctimestere \u2013 s\u00fctem\u00e9nys\u00fct\u0151 verseny\"><img loading=\"lazy\" decoding=\"async\" width=\"1200\" height=\"628\" src=\"http:\/\/furediszuret.hu\/wp-content\/uploads\/2018\/10\/sutimester_verseny_2018_facebook_event.jpg\" class=\"img-responsive wp-post-image\" alt=\"sutimester_verseny_2018_facebook_event\" srcset=\"http:\/\/furediszuret.hu\/wp-content\/uploads\/2018\/10\/sutimester_verseny_2018_facebook_event.jpg 1200w, http:\/\/furediszuret.hu\/wp-content\/uploads\/2018\/10\/sutimester_verseny_2018_facebook_event-300x157.jpg 300w, http:\/\/furediszuret.hu\/wp-content\/uploads\/2018\/10\/sutimester_verseny_2018_facebook_event-768x402.jpg 768w, http:\/\/furediszuret.hu\/wp-content\/uploads\/2018\/10\/sutimester_verseny_2018_facebook_event-1024x536.jpg 1024w\" sizes=\"(max-width: 1200px) 100vw, 1200px\" \/><\/a><\/div><div class=\"obfx-grid-col-content\">\t\t\t<h2 class=\"entry-title obfx-grid-title\">\n\t\t\t\t\t\t\t<a href=\"http:\/\/furediszuret.hu\/index.php\/2018\/10\/08\/iv-balatonfured-sutimestere-sutemenysuto-verseny\/\" title=\"IV. Balatonf\u00fcred S\u00fctimestere \u2013 s\u00fctem\u00e9nys\u00fct\u0151 verseny\">\n\t\t\t\t\tIV. Balatonf\u00fcred S\u00fctimestere \u2013 s\u00fctem\u00e9nys\u00fct\u0151 verseny\t\t\t\t<\/a>\n\t\t\t\t\t\t\t<\/h2>\n\t\t\t\t\t\t\t<div class=\"entry-meta obfx-grid-meta\">\n\n\t\t\t\t\t\t\t\t\t\t\t\t\t<span class=\"obfx-grid-date\">\n\t\t\t\t\t\t\t\t\t2018. okt\u00f3ber 8.\t\t\t\t\t\t\t\t<\/span>\n\t\t\t\t\t\t\t\t\n\t\t\t\t<\/div>\n\t\t\t\t\t\t\t<div class=\"entry-content obfx-grid-content\">\n\t\t\t\tIV. Balatonf\u00fcred S\u00fctimestere \u2013 s\u00fctem\u00e9nys\u00fct\u0151 verseny Kateg\u00f3ri\u00e1k: 03-12: minimester 12-18: tinimester 19-99: ifj\u00fa mester Legyenek \u00d6n\u00f6k v\u00e1rosunk S\u00fctimesterei! J\u00f6jj\u00f6n el 2018. okt\u00f3ber 21-\u00e9n, vas\u00e1rnap, a F\u00fcredi Sz\u00fcret m\u00e1snapj\u00e1n a Kisfaludy&hellip;\t\t\t<\/div>\n\t\t\t<\/div><\/article><\/div><div class=\"obfx-grid-wrapper\"><article class=\"obfx-grid-col obfx-no-image\"><div class=\"obfx-grid-col-content\">\t\t\t<h2 class=\"entry-title obfx-grid-title\">\n\t\t\t\t\t\t\t<a href=\"http:\/\/furediszuret.hu\/index.php\/2018\/10\/04\/furedi-szuret-2018\/\" title=\"F\u00fcredi Sz\u00fcret 2018\">\n\t\t\t\t\tF\u00fcredi Sz\u00fcret 2018\t\t\t\t<\/a>\n\t\t\t\t\t\t\t<\/h2>\n\t\t\t\t\t\t\t<div class=\"entry-meta obfx-grid-meta\">\n\n\t\t\t\t\t\t\t\t\t\t\t\t\t<span class=\"obfx-grid-date\">\n\t\t\t\t\t\t\t\t\t2018. okt\u00f3ber 4.\t\t\t\t\t\t\t\t<\/span>\n\t\t\t\t\t\t\t\t\n\t\t\t\t<\/div>\n\t\t\t\t\t\t\t<div class=\"entry-content obfx-grid-content\">\n\t\t\t\tAz idei \u00e9vben n\u00e9gynapos sz\u00fcreti mulats\u00e1gra k\u00e9sz\u00fclnek Balatonf\u00fcreden. A szombati napon megrendez\u00e9sre ker\u00fcl\u0151 felvonul\u00e1s mellett a rendezv\u00e9ny teljes ideje alatt, k\u00e9zm\u0171ves v\u00e1s\u00e1r, gasztron\u00f3miai \u00ednyencs\u00e9gek \u00e9s kiv\u00e1l\u00f3 min\u0151s\u00e9g\u0171 borok v\u00e1rj\u00e1k a&hellip;\t\t\t<\/div>\n\t\t\t<\/div><\/article><\/div><\/div><!-- .obfx-grid-container --><\/div><!-- .obfx-grid -->\t\t\t\t<\/div>\n\t\t\t\t<\/div>\n\t\t\t\t\t<\/div>\n\t\t<\/div>\n\t\t\t\t\t<\/div>\n\t\t<\/section>\n\t\t\t\t<section class=\"elementor-section elementor-top-section elementor-element elementor-element-bcb1f48 elementor-section-stretched elementor-section-boxed elementor-section-height-default elementor-section-height-default\" data-id=\"bcb1f48\" data-element_type=\"section\" data-settings=\"{&quot;background_background&quot;:&quot;video&quot;,&quot;background_video_link&quot;:&quot;http:\\\/\\\/furediszuret.hu\\\/wp-content\\\/uploads\\\/2019\\\/02\\\/furediszuret_03_VP8.webm&quot;,&quot;background_video_start&quot;:0,&quot;background_video_end&quot;:80,&quot;stretch_section&quot;:&quot;section-stretched&quot;}\">\n\t\t\t\t\t\t\t\t<div class=\"elementor-background-video-container elementor-hidden-mobile\" aria-hidden=\"true\">\n\t\t\t\t\t\t\t\t\t\t\t\t\t<video class=\"elementor-background-video-hosted\" autoplay muted playsinline loop><\/video>\n\t\t\t\t\t\t\t\t\t\t\t<\/div>\n\t\t\t\t\t\t\t\t\t<div class=\"elementor-background-overlay\"><\/div>\n\t\t\t\t\t\t\t<div class=\"elementor-container elementor-column-gap-default\">\n\t\t\t\t\t<div class=\"elementor-column elementor-col-100 elementor-top-column elementor-element elementor-element-0ce59d9\" data-id=\"0ce59d9\" data-element_type=\"column\">\n\t\t\t<div class=\"elementor-widget-wrap\">\n\t\t\t\t\t\t\t<\/div>\n\t\t<\/div>\n\t\t\t\t\t<\/div>\n\t\t<\/section>\n\t\t\t\t<section class=\"elementor-section elementor-top-section elementor-element elementor-element-c6f6db6 elementor-section-boxed elementor-section-height-default elementor-section-height-default\" data-id=\"c6f6db6\" data-element_type=\"section\">\n\t\t\t\t\t\t<div class=\"elementor-container elementor-column-gap-default\">\n\t\t\t\t\t<div class=\"elementor-column elementor-col-100 elementor-top-column elementor-element elementor-element-ede0fbe\" data-id=\"ede0fbe\" data-element_type=\"column\">\n\t\t\t<div class=\"elementor-widget-wrap elementor-element-populated\">\n\t\t\t\t\t\t<div class=\"elementor-element elementor-element-e7c8059 elementor-shape-circle elementor-grid-0 e-grid-align-center elementor-widget elementor-widget-social-icons\" data-id=\"e7c8059\" data-element_type=\"widget\" data-widget_type=\"social-icons.default\">\n\t\t\t\t<div class=\"elementor-widget-container\">\n\t\t\t\t\t\t\t<div class=\"elementor-social-icons-wrapper elementor-grid\">\n\t\t\t\t\t\t\t<span class=\"elementor-grid-item\">\n\t\t\t\t\t<a class=\"elementor-icon elementor-social-icon elementor-social-icon-facebook elementor-repeater-item-c9e191e\" target=\"_blank\">\n\t\t\t\t\t\t<span class=\"elementor-screen-only\">Facebook<\/span>\n\t\t\t\t\t\t\t\t\t\t\t\t\t<i class=\"fa fa-facebook\" aria-hidden=\"true\"><\/i>\n\t\t\t\t\t\t\t\t\t\t\t<\/a>\n\t\t\t\t<\/span>\n\t\t\t\t\t<\/div>\n\t\t\t\t\t\t<\/div>\n\t\t\t\t<\/div>\n\t\t\t\t<div class=\"elementor-element elementor-element-033a4e1 elementor-widget elementor-widget-text-editor\" data-id=\"033a4e1\" data-element_type=\"widget\" data-widget_type=\"text-editor.default\">\n\t\t\t\t<div class=\"elementor-widget-container\">\n\t\t\t\t\t\t\t\t\t<p>Minden jog fenntartva!<br \/>Fot\u00f3k: Balatonfured.hu<br \/>Balatonf\u00fcred Kultur\u00e1lis Nonprofit Kft.<br \/>2019.<\/p>\t\t\t\t\t\t\t\t<\/div>\n\t\t\t\t<\/div>\n\t\t\t\t\t<\/div>\n\t\t<\/div>\n\t\t\t\t\t<\/div>\n\t\t<\/section>\n\t\t\t\t<\/div>\n\t\t","protected":false},"excerpt":{"rendered":"<p>Balatonf\u00fcred S\u00fctimestere 2018 2018. okt\u00f3ber 24. A &#8220;Balatonf\u00fcred S\u00fctimestere&#8221; s\u00fctem\u00e9nys\u00fct\u0151 verseny remekm\u0171vei. K\u00f6sz\u00f6nj\u00fck a sok finoms\u00e1got, j\u00f6v\u0151re is v\u00e1runk mindenkit szeretettel! Addig is k\u00f3stolj\u00e1tok meg az ifj\u00fas\u00e1gi kateg\u00f3ria nyertes tort\u00e1j\u00e1t a Kedves Cukr\u00e1szda Balatonf\u00fcred-ben \u00e9s az&hellip; Sz\u00fcreti \u00fcnnep felvonul\u00e1ssal 2018. okt\u00f3ber 20. Borlovagrendek vonultak v\u00e9gig az utc\u00e1kon, bor\u00e1szok k\u00edn\u00e1lt\u00e1k port\u00e9k\u00e1jukat, a parton pedig kisebb gasztron\u00f3miai&hellip;&nbsp;<a href=\"http:\/\/furediszuret.hu\/index.php\/archivum\/2018-2\/\" rel=\"bookmark\">Read More &raquo;<span class=\"screen-reader-text\">2018<\/span><\/a><\/p>\n","protected":false},"author":1,"featured_media":0,"parent":229,"menu_order":0,"comment_status":"closed","ping_status":"closed","template":"","meta":{"neve_meta_sidebar":"","neve_meta_container":"","neve_meta_enable_content_width":"","neve_meta_content_width":70,"neve_meta_title_alignment":"","neve_meta_author_avatar":"","neve_post_elements_order":"","neve_meta_disable_header":"","neve_meta_disable_footer":"","neve_meta_disable_title":"","_themeisle_gutenberg_block_has_review":false,"footnotes":""},"class_list":["post-231","page","type-page","status-publish","hentry"],"_links":{"self":[{"href":"http:\/\/furediszuret.hu\/index.php\/wp-json\/wp\/v2\/pages\/231","targetHints":{"allow":["GET"]}}],"collection":[{"href":"http:\/\/furediszuret.hu\/index.php\/wp-json\/wp\/v2\/pages"}],"about":[{"href":"http:\/\/furediszuret.hu\/index.php\/wp-json\/wp\/v2\/types\/page"}],"author":[{"embeddable":true,"href":"http:\/\/furediszuret.hu\/index.php\/wp-json\/wp\/v2\/users\/1"}],"replies":[{"embeddable":true,"href":"http:\/\/furediszuret.hu\/index.php\/wp-json\/wp\/v2\/comments?post=231"}],"version-history":[{"count":7,"href":"http:\/\/furediszuret.hu\/index.php\/wp-json\/wp\/v2\/pages\/231\/revisions"}],"predecessor-version":[{"id":577,"href":"http:\/\/furediszuret.hu\/index.php\/wp-json\/wp\/v2\/pages\/231\/revisions\/577"}],"up":[{"embeddable":true,"href":"http:\/\/furediszuret.hu\/index.php\/wp-json\/wp\/v2\/pages\/229"}],"wp:attachment":[{"href":"http:\/\/furediszuret.hu\/index.php\/wp-json\/wp\/v2\/media?parent=231"}],"curies":[{"name":"wp","href":"https:\/\/api.w.org\/{rel}","templated":true}]}}