{"id":220,"date":"2019-02-23T17:05:56","date_gmt":"2019-02-23T16:05:56","guid":{"rendered":"http:\/\/furediszuret.hu\/?page_id=220"},"modified":"2025-10-04T07:38:53","modified_gmt":"2025-10-04T06:38:53","slug":"programok","status":"publish","type":"page","link":"http:\/\/furediszuret.hu\/index.php\/programok\/","title":{"rendered":"Programok"},"content":{"rendered":"\t\t<div data-elementor-type=\"wp-post\" data-elementor-id=\"220\" class=\"elementor elementor-220\">\n\t\t\t\t\t\t<section class=\"elementor-section elementor-top-section elementor-element elementor-element-19566b16 elementor-section-boxed elementor-section-height-default elementor-section-height-default\" data-id=\"19566b16\" data-element_type=\"section\">\n\t\t\t\t\t\t<div class=\"elementor-container elementor-column-gap-default\">\n\t\t\t\t\t<div class=\"elementor-column elementor-col-100 elementor-top-column elementor-element elementor-element-214b663\" data-id=\"214b663\" data-element_type=\"column\">\n\t\t\t<div class=\"elementor-widget-wrap elementor-element-populated\">\n\t\t\t\t\t\t<div class=\"elementor-element elementor-element-31660fc2 elementor-widget elementor-widget-text-editor\" data-id=\"31660fc2\" data-element_type=\"widget\" data-widget_type=\"text-editor.default\">\n\t\t\t\t<div class=\"elementor-widget-container\">\n\t\t\t\t\t\t\t\t\t<h1><img fetchpriority=\"high\" decoding=\"async\" class=\"aligncenter size-full wp-image-844\" src=\"http:\/\/furediszuret.hu\/wp-content\/uploads\/2025\/10\/Furedi-Szuret_2025.10.10-12_a3.jpg\" alt=\"\" width=\"1754\" height=\"2483\" srcset=\"http:\/\/furediszuret.hu\/wp-content\/uploads\/2025\/10\/Furedi-Szuret_2025.10.10-12_a3.jpg 1754w, http:\/\/furediszuret.hu\/wp-content\/uploads\/2025\/10\/Furedi-Szuret_2025.10.10-12_a3-212x300.jpg 212w, http:\/\/furediszuret.hu\/wp-content\/uploads\/2025\/10\/Furedi-Szuret_2025.10.10-12_a3-723x1024.jpg 723w, http:\/\/furediszuret.hu\/wp-content\/uploads\/2025\/10\/Furedi-Szuret_2025.10.10-12_a3-768x1087.jpg 768w, http:\/\/furediszuret.hu\/wp-content\/uploads\/2025\/10\/Furedi-Szuret_2025.10.10-12_a3-1085x1536.jpg 1085w, http:\/\/furediszuret.hu\/wp-content\/uploads\/2025\/10\/Furedi-Szuret_2025.10.10-12_a3-1447x2048.jpg 1447w\" sizes=\"(max-width: 1754px) 100vw, 1754px\" \/><\/h1><div style=\"text-align: start; margin: 0px; overflow-wrap: break-word; font-family: system-ui, -apple-system, BlinkMacSystemFont, '.SFNSText-Regular', sans-serif; caret-color: #050505; color: #050505;\"><br>\n<\/div>\n<p><!-- \/wp:paragraph --><\/p>\t\t\t\t\t\t\t\t<\/div>\n\t\t\t\t<\/div>\n\t\t\t\t\t<\/div>\n\t\t<\/div>\n\t\t\t\t\t<\/div>\n\t\t<\/section>\n\t\t\t\t<section class=\"elementor-section elementor-top-section elementor-element elementor-element-9d05d42 elementor-section-stretched elementor-section-boxed elementor-section-height-default elementor-section-height-default\" data-id=\"9d05d42\" data-element_type=\"section\" data-settings=\"{&quot;background_background&quot;:&quot;video&quot;,&quot;background_video_link&quot;:&quot;http:\\\/\\\/furediszuret.hu\\\/wp-content\\\/uploads\\\/2019\\\/02\\\/furediszuret_03_mp4x264_x264.mp4&quot;,&quot;background_video_start&quot;:0,&quot;background_video_end&quot;:80,&quot;stretch_section&quot;:&quot;section-stretched&quot;}\">\n\t\t\t\t\t\t\t\t<div class=\"elementor-background-video-container elementor-hidden-mobile\" aria-hidden=\"true\">\n\t\t\t\t\t\t\t\t\t\t\t\t\t<video class=\"elementor-background-video-hosted\" autoplay muted playsinline loop><\/video>\n\t\t\t\t\t\t\t\t\t\t\t<\/div>\n\t\t\t\t\t\t\t\t\t<div class=\"elementor-background-overlay\"><\/div>\n\t\t\t\t\t\t\t<div class=\"elementor-container elementor-column-gap-default\">\n\t\t\t\t\t<div class=\"elementor-column elementor-col-100 elementor-top-column elementor-element elementor-element-7dd4930\" data-id=\"7dd4930\" data-element_type=\"column\">\n\t\t\t<div class=\"elementor-widget-wrap\">\n\t\t\t\t\t\t\t<\/div>\n\t\t<\/div>\n\t\t\t\t\t<\/div>\n\t\t<\/section>\n\t\t\t\t<section class=\"elementor-section elementor-top-section elementor-element elementor-element-2f310d3 elementor-section-boxed elementor-section-height-default elementor-section-height-default\" data-id=\"2f310d3\" data-element_type=\"section\">\n\t\t\t\t\t\t<div class=\"elementor-container elementor-column-gap-default\">\n\t\t\t\t\t<div class=\"elementor-column elementor-col-100 elementor-top-column elementor-element elementor-element-cb3877d\" data-id=\"cb3877d\" data-element_type=\"column\">\n\t\t\t<div class=\"elementor-widget-wrap elementor-element-populated\">\n\t\t\t\t\t\t<div class=\"elementor-element elementor-element-fddfa03 elementor-shape-circle elementor-grid-0 e-grid-align-center elementor-widget elementor-widget-social-icons\" data-id=\"fddfa03\" data-element_type=\"widget\" data-widget_type=\"social-icons.default\">\n\t\t\t\t<div class=\"elementor-widget-container\">\n\t\t\t\t\t\t\t<div class=\"elementor-social-icons-wrapper elementor-grid\">\n\t\t\t\t\t\t\t<span class=\"elementor-grid-item\">\n\t\t\t\t\t<a class=\"elementor-icon elementor-social-icon elementor-social-icon-facebook elementor-repeater-item-c9e191e\" target=\"_blank\">\n\t\t\t\t\t\t<span class=\"elementor-screen-only\">Facebook<\/span>\n\t\t\t\t\t\t\t\t\t\t\t\t\t<i class=\"fa fa-facebook\" aria-hidden=\"true\"><\/i>\n\t\t\t\t\t\t\t\t\t\t\t<\/a>\n\t\t\t\t<\/span>\n\t\t\t\t\t<\/div>\n\t\t\t\t\t\t<\/div>\n\t\t\t\t<\/div>\n\t\t\t\t<div class=\"elementor-element elementor-element-8c84b77 elementor-widget elementor-widget-text-editor\" data-id=\"8c84b77\" data-element_type=\"widget\" data-widget_type=\"text-editor.default\">\n\t\t\t\t<div class=\"elementor-widget-container\">\n\t\t\t\t\t\t\t\t\t<p>Minden jog fenntartva!<br \/>Fot\u00f3k: Balatonfured.hu,<br \/>Balatonf\u00fcred Kultur\u00e1lis Nonprofit Kft.<br \/>2025.<\/p>\t\t\t\t\t\t\t\t<\/div>\n\t\t\t\t<\/div>\n\t\t\t\t\t<\/div>\n\t\t<\/div>\n\t\t\t\t\t<\/div>\n\t\t<\/section>\n\t\t\t\t<\/div>\n\t\t","protected":false},"excerpt":{"rendered":"<p>Facebook Minden jog fenntartva!Fot\u00f3k: Balatonfured.hu,Balatonf\u00fcred Kultur\u00e1lis Nonprofit Kft.2025.<\/p>\n","protected":false},"author":1,"featured_media":0,"parent":0,"menu_order":0,"comment_status":"closed","ping_status":"closed","template":"","meta":{"neve_meta_sidebar":"","neve_meta_container":"","neve_meta_enable_content_width":"","neve_meta_content_width":70,"neve_meta_title_alignment":"","neve_meta_author_avatar":"","neve_post_elements_order":"","neve_meta_disable_header":"","neve_meta_disable_footer":"","neve_meta_disable_title":"","_themeisle_gutenberg_block_has_review":false,"footnotes":""},"class_list":["post-220","page","type-page","status-publish","hentry"],"_links":{"self":[{"href":"http:\/\/furediszuret.hu\/index.php\/wp-json\/wp\/v2\/pages\/220","targetHints":{"allow":["GET"]}}],"collection":[{"href":"http:\/\/furediszuret.hu\/index.php\/wp-json\/wp\/v2\/pages"}],"about":[{"href":"http:\/\/furediszuret.hu\/index.php\/wp-json\/wp\/v2\/types\/page"}],"author":[{"embeddable":true,"href":"http:\/\/furediszuret.hu\/index.php\/wp-json\/wp\/v2\/users\/1"}],"replies":[{"embeddable":true,"href":"http:\/\/furediszuret.hu\/index.php\/wp-json\/wp\/v2\/comments?post=220"}],"version-history":[{"count":33,"href":"http:\/\/furediszuret.hu\/index.php\/wp-json\/wp\/v2\/pages\/220\/revisions"}],"predecessor-version":[{"id":850,"href":"http:\/\/furediszuret.hu\/index.php\/wp-json\/wp\/v2\/pages\/220\/revisions\/850"}],"wp:attachment":[{"href":"http:\/\/furediszuret.hu\/index.php\/wp-json\/wp\/v2\/media?parent=220"}],"curies":[{"name":"wp","href":"https:\/\/api.w.org\/{rel}","templated":true}]}}